{"id":83,"date":"2026-03-30T08:38:31","date_gmt":"2026-03-30T08:38:31","guid":{"rendered":"https:\/\/www.lestanzedellamemoria.it\/?post_type=product&#038;p=83"},"modified":"2026-04-10T13:22:22","modified_gmt":"2026-04-10T13:22:22","slug":"pliant-tessuto","status":"publish","type":"product","link":"https:\/\/www.lestanzedellamemoria.it\/en\/product\/pliant-tessuto\/","title":{"rendered":"FOLDING LUGGAGE RACK"},"content":{"rendered":"<p>Folding oak luggage rack finished with beeswax, featuring straps in natural leather, it can also serve as a useful tray stand.<\/p>\n<p>Dimensions<br \/>\nChiuso: Altezza 73 cm Lunghezza 56 cm Profondit\u00e0 10 cm<br \/>\nAperto: Altezza 50 cm Lunghezza 50 cm Profondit\u00e0 56 cm<\/p>","protected":false},"excerpt":{"rendered":"<p>Pliant per valigia, pieghevole realizzato in legno di rovere finito a cera d\u2019api, con cinghie in tessuto, pu\u00f2 essere un valido supporto anche per un vassoio. Dimensioni Chiuso: Altezza 73 cm Lunghezza 56 cm Profondit\u00e0 10 cm Aperto: Altezza 50 cm Lunghezza 50 cm Profondit\u00e0 56 cm<\/p>","protected":false},"featured_media":1100,"template":"","meta":{"site-sidebar-layout":"default","site-content-layout":"","ast-site-content-layout":"default","site-content-style":"default","site-sidebar-style":"default","ast-global-header-display":"","ast-banner-title-visibility":"","ast-main-header-display":"","ast-hfb-above-header-display":"","ast-hfb-below-header-display":"","ast-hfb-mobile-header-display":"","site-post-title":"","ast-breadcrumbs-content":"","ast-featured-img":"","footer-sml-layout":"","ast-disable-related-posts":"","theme-transparent-header-meta":"default","adv-header-id-meta":"","stick-header-meta":"","header-above-stick-meta":"","header-main-stick-meta":"","header-below-stick-meta":"","astra-migrate-meta-layouts":"set","ast-page-background-enabled":"default","ast-page-background-meta":{"desktop":{"background-color":"var(--ast-global-color-5)","background-image":"","background-repeat":"repeat","background-position":"center center","background-size":"auto","background-attachment":"scroll","background-type":"","background-media":"","overlay-type":"","overlay-color":"","overlay-opacity":"","overlay-gradient":""},"tablet":{"background-color":"","background-image":"","background-repeat":"repeat","background-position":"center center","background-size":"auto","background-attachment":"scroll","background-type":"","background-media":"","overlay-type":"","overlay-color":"","overlay-opacity":"","overlay-gradient":""},"mobile":{"background-color":"","background-image":"","background-repeat":"repeat","background-position":"center center","background-size":"auto","background-attachment":"scroll","background-type":"","background-media":"","overlay-type":"","overlay-color":"","overlay-opacity":"","overlay-gradient":""}},"ast-content-background-meta":{"desktop":{"background-color":"var(--ast-global-color-4)","background-image":"","background-repeat":"repeat","background-position":"center center","background-size":"auto","background-attachment":"scroll","background-type":"","background-media":"","overlay-type":"","overlay-color":"","overlay-opacity":"","overlay-gradient":""},"tablet":{"background-color":"var(--ast-global-color-4)","background-image":"","background-repeat":"repeat","background-position":"center center","background-size":"auto","background-attachment":"scroll","background-type":"","background-media":"","overlay-type":"","overlay-color":"","overlay-opacity":"","overlay-gradient":""},"mobile":{"background-color":"var(--ast-global-color-4)","background-image":"","background-repeat":"repeat","background-position":"center center","background-size":"auto","background-attachment":"scroll","background-type":"","background-media":"","overlay-type":"","overlay-color":"","overlay-opacity":"","overlay-gradient":""}}},"product_brand":[],"product_cat":[20],"product_tag":[21],"class_list":{"0":"post-83","1":"product","2":"type-product","3":"status-publish","4":"has-post-thumbnail","6":"product_cat-bespoke","7":"product_tag-bespoke","8":"product_shipping_class-b","9":"desktop-align-left","10":"tablet-align-left","11":"mobile-align-left","13":"first","14":"instock","15":"taxable","16":"shipping-taxable","17":"purchasable","18":"product-type-simple"},"yoast_head":"<!-- This site is optimized with the Yoast SEO plugin v27.3 - https:\/\/yoast.com\/product\/yoast-seo-wordpress\/ -->\n<title>PLIANT PER VALIGIA - Le stanze della memoria<\/title>\n<meta name=\"description\" content=\"Pliant per valigia, pieghevole realizzato in legno di rovere finito a cera d\u2019api, con cinghie in tessuto, pu\u00f2 essere un valido supporto anche per un vassoio.DimensioniChiuso: Altezza 73 cm Lunghezza 56 cm Profondit\u00e0 10 cmAperto: Altezza 50 cm Lunghezza 50 cm Profondit\u00e0 56 cm\" \/>\n<meta name=\"robots\" content=\"index, follow, max-snippet:-1, max-image-preview:large, max-video-preview:-1\" \/>\n<link rel=\"canonical\" href=\"https:\/\/www.lestanzedellamemoria.it\/en\/product\/pliant-tessuto\/\" \/>\n<meta property=\"og:locale\" content=\"en_GB\" \/>\n<meta property=\"og:type\" content=\"article\" \/>\n<meta property=\"og:title\" content=\"PLIANT PER VALIGIA - Le stanze della memoria\" \/>\n<meta property=\"og:description\" content=\"Pliant per valigia, pieghevole realizzato in legno di rovere finito a cera d\u2019api, con cinghie in tessuto, pu\u00f2 essere un valido supporto anche per un vassoio.DimensioniChiuso: Altezza 73 cm Lunghezza 56 cm Profondit\u00e0 10 cmAperto: Altezza 50 cm Lunghezza 50 cm Profondit\u00e0 56 cm\" \/>\n<meta property=\"og:url\" content=\"https:\/\/www.lestanzedellamemoria.it\/en\/product\/pliant-tessuto\/\" \/>\n<meta property=\"og:site_name\" content=\"Le stanze della memoria\" \/>\n<meta property=\"article:modified_time\" content=\"2026-04-10T13:22:22+00:00\" \/>\n<meta property=\"og:image\" content=\"https:\/\/www.lestanzedellamemoria.it\/wp-content\/uploads\/2026\/03\/Foto-1-corda-0.0.webp\" \/>\n\t<meta property=\"og:image:width\" content=\"700\" \/>\n\t<meta property=\"og:image:height\" content=\"800\" \/>\n\t<meta property=\"og:image:type\" content=\"image\/webp\" \/>\n<meta name=\"twitter:card\" content=\"summary_large_image\" \/>\n<meta name=\"twitter:label1\" content=\"Estimated reading time\" \/>\n\t<meta name=\"twitter:data1\" content=\"1 minute\" \/>\n<script type=\"application\/ld+json\" class=\"yoast-schema-graph\">{\"@context\":\"https:\\\/\\\/schema.org\",\"@graph\":[{\"@type\":\"WebPage\",\"@id\":\"https:\\\/\\\/www.lestanzedellamemoria.it\\\/prodotto\\\/pliant-tessuto\\\/\",\"url\":\"https:\\\/\\\/www.lestanzedellamemoria.it\\\/prodotto\\\/pliant-tessuto\\\/\",\"name\":\"PLIANT PER VALIGIA - Le stanze della memoria\",\"isPartOf\":{\"@id\":\"https:\\\/\\\/www.lestanzedellamemoria.it\\\/#website\"},\"primaryImageOfPage\":{\"@id\":\"https:\\\/\\\/www.lestanzedellamemoria.it\\\/prodotto\\\/pliant-tessuto\\\/#primaryimage\"},\"image\":{\"@id\":\"https:\\\/\\\/www.lestanzedellamemoria.it\\\/prodotto\\\/pliant-tessuto\\\/#primaryimage\"},\"thumbnailUrl\":\"https:\\\/\\\/www.lestanzedellamemoria.it\\\/wp-content\\\/uploads\\\/2026\\\/03\\\/Foto-1-corda-0.0.webp\",\"datePublished\":\"2026-03-30T08:38:31+00:00\",\"dateModified\":\"2026-04-10T13:22:22+00:00\",\"description\":\"Pliant per valigia, pieghevole realizzato in legno di rovere finito a cera d\u2019api, con cinghie in tessuto, pu\u00f2 essere un valido supporto anche per un vassoio.DimensioniChiuso: Altezza 73 cm Lunghezza 56 cm Profondit\u00e0 10 cmAperto: Altezza 50 cm Lunghezza 50 cm Profondit\u00e0 56 cm\",\"breadcrumb\":{\"@id\":\"https:\\\/\\\/www.lestanzedellamemoria.it\\\/prodotto\\\/pliant-tessuto\\\/#breadcrumb\"},\"inLanguage\":\"en-GB\",\"potentialAction\":[{\"@type\":\"ReadAction\",\"target\":[\"https:\\\/\\\/www.lestanzedellamemoria.it\\\/prodotto\\\/pliant-tessuto\\\/\"]}]},{\"@type\":\"ImageObject\",\"inLanguage\":\"en-GB\",\"@id\":\"https:\\\/\\\/www.lestanzedellamemoria.it\\\/prodotto\\\/pliant-tessuto\\\/#primaryimage\",\"url\":\"https:\\\/\\\/www.lestanzedellamemoria.it\\\/wp-content\\\/uploads\\\/2026\\\/03\\\/Foto-1-corda-0.0.webp\",\"contentUrl\":\"https:\\\/\\\/www.lestanzedellamemoria.it\\\/wp-content\\\/uploads\\\/2026\\\/03\\\/Foto-1-corda-0.0.webp\",\"width\":700,\"height\":800},{\"@type\":\"BreadcrumbList\",\"@id\":\"https:\\\/\\\/www.lestanzedellamemoria.it\\\/prodotto\\\/pliant-tessuto\\\/#breadcrumb\",\"itemListElement\":[{\"@type\":\"ListItem\",\"position\":1,\"name\":\"Home\",\"item\":\"https:\\\/\\\/www.lestanzedellamemoria.it\\\/\"},{\"@type\":\"ListItem\",\"position\":2,\"name\":\"Shop\",\"item\":\"https:\\\/\\\/www.lestanzedellamemoria.it\\\/negozio\\\/\"},{\"@type\":\"ListItem\",\"position\":3,\"name\":\"PLIANT PER VALIGIA\"}]},{\"@type\":\"WebSite\",\"@id\":\"https:\\\/\\\/www.lestanzedellamemoria.it\\\/#website\",\"url\":\"https:\\\/\\\/www.lestanzedellamemoria.it\\\/\",\"name\":\"Le stanze della memoria\",\"description\":\"ANTIQUARIATO PER LA CASA\",\"potentialAction\":[{\"@type\":\"SearchAction\",\"target\":{\"@type\":\"EntryPoint\",\"urlTemplate\":\"https:\\\/\\\/www.lestanzedellamemoria.it\\\/?s={search_term_string}\"},\"query-input\":{\"@type\":\"PropertyValueSpecification\",\"valueRequired\":true,\"valueName\":\"search_term_string\"}}],\"inLanguage\":\"en-GB\"}]}<\/script>\n<!-- \/ Yoast SEO plugin. -->","yoast_head_json":{"title":"PLIANT PER VALIGIA - Le stanze della memoria","description":"Pliant per valigia, pieghevole realizzato in legno di rovere finito a cera d\u2019api, con cinghie in tessuto, pu\u00f2 essere un valido supporto anche per un vassoio.DimensioniChiuso: Altezza 73 cm Lunghezza 56 cm Profondit\u00e0 10 cmAperto: Altezza 50 cm Lunghezza 50 cm Profondit\u00e0 56 cm","robots":{"index":"index","follow":"follow","max-snippet":"max-snippet:-1","max-image-preview":"max-image-preview:large","max-video-preview":"max-video-preview:-1"},"canonical":"https:\/\/www.lestanzedellamemoria.it\/en\/product\/pliant-tessuto\/","og_locale":"en_GB","og_type":"article","og_title":"PLIANT PER VALIGIA - Le stanze della memoria","og_description":"Pliant per valigia, pieghevole realizzato in legno di rovere finito a cera d\u2019api, con cinghie in tessuto, pu\u00f2 essere un valido supporto anche per un vassoio.DimensioniChiuso: Altezza 73 cm Lunghezza 56 cm Profondit\u00e0 10 cmAperto: Altezza 50 cm Lunghezza 50 cm Profondit\u00e0 56 cm","og_url":"https:\/\/www.lestanzedellamemoria.it\/en\/product\/pliant-tessuto\/","og_site_name":"Le stanze della memoria","article_modified_time":"2026-04-10T13:22:22+00:00","og_image":[{"width":700,"height":800,"url":"https:\/\/www.lestanzedellamemoria.it\/wp-content\/uploads\/2026\/03\/Foto-1-corda-0.0.webp","type":"image\/webp"}],"twitter_card":"summary_large_image","twitter_misc":{"Estimated reading time":"1 minute"},"schema":{"@context":"https:\/\/schema.org","@graph":[{"@type":"WebPage","@id":"https:\/\/www.lestanzedellamemoria.it\/prodotto\/pliant-tessuto\/","url":"https:\/\/www.lestanzedellamemoria.it\/prodotto\/pliant-tessuto\/","name":"PLIANT PER VALIGIA - Le stanze della memoria","isPartOf":{"@id":"https:\/\/www.lestanzedellamemoria.it\/#website"},"primaryImageOfPage":{"@id":"https:\/\/www.lestanzedellamemoria.it\/prodotto\/pliant-tessuto\/#primaryimage"},"image":{"@id":"https:\/\/www.lestanzedellamemoria.it\/prodotto\/pliant-tessuto\/#primaryimage"},"thumbnailUrl":"https:\/\/www.lestanzedellamemoria.it\/wp-content\/uploads\/2026\/03\/Foto-1-corda-0.0.webp","datePublished":"2026-03-30T08:38:31+00:00","dateModified":"2026-04-10T13:22:22+00:00","description":"Pliant per valigia, pieghevole realizzato in legno di rovere finito a cera d\u2019api, con cinghie in tessuto, pu\u00f2 essere un valido supporto anche per un vassoio.DimensioniChiuso: Altezza 73 cm Lunghezza 56 cm Profondit\u00e0 10 cmAperto: Altezza 50 cm Lunghezza 50 cm Profondit\u00e0 56 cm","breadcrumb":{"@id":"https:\/\/www.lestanzedellamemoria.it\/prodotto\/pliant-tessuto\/#breadcrumb"},"inLanguage":"en-GB","potentialAction":[{"@type":"ReadAction","target":["https:\/\/www.lestanzedellamemoria.it\/prodotto\/pliant-tessuto\/"]}]},{"@type":"ImageObject","inLanguage":"en-GB","@id":"https:\/\/www.lestanzedellamemoria.it\/prodotto\/pliant-tessuto\/#primaryimage","url":"https:\/\/www.lestanzedellamemoria.it\/wp-content\/uploads\/2026\/03\/Foto-1-corda-0.0.webp","contentUrl":"https:\/\/www.lestanzedellamemoria.it\/wp-content\/uploads\/2026\/03\/Foto-1-corda-0.0.webp","width":700,"height":800},{"@type":"BreadcrumbList","@id":"https:\/\/www.lestanzedellamemoria.it\/prodotto\/pliant-tessuto\/#breadcrumb","itemListElement":[{"@type":"ListItem","position":1,"name":"Home","item":"https:\/\/www.lestanzedellamemoria.it\/"},{"@type":"ListItem","position":2,"name":"Shop","item":"https:\/\/www.lestanzedellamemoria.it\/negozio\/"},{"@type":"ListItem","position":3,"name":"PLIANT PER VALIGIA"}]},{"@type":"WebSite","@id":"https:\/\/www.lestanzedellamemoria.it\/#website","url":"https:\/\/www.lestanzedellamemoria.it\/","name":"Le stanze della memoria","description":"ANTIQUARIATO PER LA CASA","potentialAction":[{"@type":"SearchAction","target":{"@type":"EntryPoint","urlTemplate":"https:\/\/www.lestanzedellamemoria.it\/?s={search_term_string}"},"query-input":{"@type":"PropertyValueSpecification","valueRequired":true,"valueName":"search_term_string"}}],"inLanguage":"en-GB"}]}},"acf":[],"_links":{"self":[{"href":"https:\/\/www.lestanzedellamemoria.it\/en\/wp-json\/wp\/v2\/product\/83","targetHints":{"allow":["GET"]}}],"collection":[{"href":"https:\/\/www.lestanzedellamemoria.it\/en\/wp-json\/wp\/v2\/product"}],"about":[{"href":"https:\/\/www.lestanzedellamemoria.it\/en\/wp-json\/wp\/v2\/types\/product"}],"wp:featuredmedia":[{"embeddable":true,"href":"https:\/\/www.lestanzedellamemoria.it\/en\/wp-json\/wp\/v2\/media\/1100"}],"wp:attachment":[{"href":"https:\/\/www.lestanzedellamemoria.it\/en\/wp-json\/wp\/v2\/media?parent=83"}],"wp:term":[{"taxonomy":"product_brand","embeddable":true,"href":"https:\/\/www.lestanzedellamemoria.it\/en\/wp-json\/wp\/v2\/product_brand?post=83"},{"taxonomy":"product_cat","embeddable":true,"href":"https:\/\/www.lestanzedellamemoria.it\/en\/wp-json\/wp\/v2\/product_cat?post=83"},{"taxonomy":"product_tag","embeddable":true,"href":"https:\/\/www.lestanzedellamemoria.it\/en\/wp-json\/wp\/v2\/product_tag?post=83"}],"curies":[{"name":"wp","href":"https:\/\/api.w.org\/{rel}","templated":true}]}}